{"id":244,"date":"2024-05-14T13:16:05","date_gmt":"2024-05-14T17:16:05","guid":{"rendered":"https:\/\/smash.versionalpha.ca\/?page_id=244"},"modified":"2024-05-16T10:42:51","modified_gmt":"2024-05-16T14:42:51","slug":"a-propos","status":"publish","type":"page","link":"https:\/\/smash.versionalpha.ca\/fr\/a-propos\/","title":{"rendered":"\u00c0 propos"},"content":{"rendered":"<div><\/div>\n<p><span style=\"font-weight: 400;\">Ces maladies rares sont souvent ignor\u00e9es et les patients ont peu acc\u00e8s \u00e0 des traitements efficaces. Une fois commercialis\u00e9es, les nouvelles th\u00e9rapies d\u00e9velopp\u00e9es lors d&rsquo;essais cliniques sont g\u00e9n\u00e9ralement on\u00e9reuses, et leur utilisation est restreinte par les organismes payeurs, qui invoquent l&rsquo;absence de donn\u00e9es suffisantes sur l&rsquo;histoire naturelle de la maladie et le b\u00e9n\u00e9fice de ces nouvelles th\u00e9rapies.<\/span><\/p>\n","protected":false},"excerpt":{"rendered":"<p>Ces maladies rares sont souvent ignor\u00e9es et les patients ont peu acc\u00e8s \u00e0 des traitements efficaces. Une fois commercialis\u00e9es, les nouvelles th\u00e9rapies d\u00e9velopp\u00e9es lors d&rsquo;essais cliniques sont g\u00e9n\u00e9ralement on\u00e9reuses, et leur utilisation est restreinte par les organismes payeurs, qui invoquent l&rsquo;absence de donn\u00e9es suffisantes sur l&rsquo;histoire naturelle de la maladie et le b\u00e9n\u00e9fice de ces [&hellip;]<\/p>\n","protected":false},"author":1,"featured_media":0,"parent":0,"menu_order":0,"comment_status":"closed","ping_status":"closed","template":"template\/about.php","meta":{"_acf_changed":false,"footnotes":""},"class_list":["post-244","page","type-page","status-publish","hentry"],"acf":[],"yoast_head":"<!-- This site is optimized with the Yoast SEO plugin v22.7 - https:\/\/yoast.com\/wordpress\/plugins\/seo\/ -->\n<title>\u00c0 propos<\/title>\n<meta name=\"description\" content=\"\u00c0 propos - Ces maladies rares sont souvent ignor\u00e9es et les patients ont peu acc\u00e8s \u00e0 des traitements efficaces. Une fois commercialis\u00e9es (...)\" \/>\n<meta name=\"robots\" content=\"index, follow, max-snippet:-1, max-image-preview:large, max-video-preview:-1\" \/>\n<link rel=\"canonical\" href=\"https:\/\/smash.versionalpha.ca\/fr\/a-propos\/\" \/>\n<meta property=\"og:locale\" content=\"fr_FR\" \/>\n<meta property=\"og:type\" content=\"article\" \/>\n<meta property=\"og:title\" content=\"\u00c0 propos\" \/>\n<meta property=\"og:description\" content=\"\u00c0 propos - Ces maladies rares sont souvent ignor\u00e9es et les patients ont peu acc\u00e8s \u00e0 des traitements efficaces. Une fois commercialis\u00e9es (...)\" \/>\n<meta property=\"og:url\" content=\"https:\/\/smash.versionalpha.ca\/fr\/a-propos\/\" \/>\n<meta property=\"og:site_name\" content=\"SMASH\" \/>\n<meta property=\"article:modified_time\" content=\"2024-05-16T14:42:51+00:00\" \/>\n<meta name=\"twitter:card\" content=\"summary_large_image\" \/>\n<meta name=\"twitter:label1\" content=\"Dur\u00e9e de lecture estim\u00e9e\" \/>\n\t<meta name=\"twitter:data1\" content=\"1 minute\" \/>\n<script type=\"application\/ld+json\" class=\"yoast-schema-graph\">{\"@context\":\"https:\/\/schema.org\",\"@graph\":[{\"@type\":\"WebPage\",\"@id\":\"https:\/\/smash.versionalpha.ca\/fr\/a-propos\/\",\"url\":\"https:\/\/smash.versionalpha.ca\/fr\/a-propos\/\",\"name\":\"\u00c0 propos\",\"isPartOf\":{\"@id\":\"https:\/\/smash.versionalpha.ca\/fr\/#website\"},\"datePublished\":\"2024-05-14T17:16:05+00:00\",\"dateModified\":\"2024-05-16T14:42:51+00:00\",\"description\":\"\u00c0 propos - Ces maladies rares sont souvent ignor\u00e9es et les patients ont peu acc\u00e8s \u00e0 des traitements efficaces. Une fois commercialis\u00e9es (...)\",\"breadcrumb\":{\"@id\":\"https:\/\/smash.versionalpha.ca\/fr\/a-propos\/#breadcrumb\"},\"inLanguage\":\"fr-FR\",\"potentialAction\":[{\"@type\":\"ReadAction\",\"target\":[\"https:\/\/smash.versionalpha.ca\/fr\/a-propos\/\"]}]},{\"@type\":\"BreadcrumbList\",\"@id\":\"https:\/\/smash.versionalpha.ca\/fr\/a-propos\/#breadcrumb\",\"itemListElement\":[{\"@type\":\"ListItem\",\"position\":1,\"name\":\"Accueil\",\"item\":\"https:\/\/smash.versionalpha.ca\/fr\/\"},{\"@type\":\"ListItem\",\"position\":2,\"name\":\"\u00c0 propos\"}]},{\"@type\":\"WebSite\",\"@id\":\"https:\/\/smash.versionalpha.ca\/fr\/#website\",\"url\":\"https:\/\/smash.versionalpha.ca\/fr\/\",\"name\":\"SMASH\",\"description\":\"\",\"potentialAction\":[{\"@type\":\"SearchAction\",\"target\":{\"@type\":\"EntryPoint\",\"urlTemplate\":\"https:\/\/smash.versionalpha.ca\/fr\/?s={search_term_string}\"},\"query-input\":\"required name=search_term_string\"}],\"inLanguage\":\"fr-FR\"}]}<\/script>\n<!-- \/ Yoast SEO plugin. -->","yoast_head_json":{"title":"\u00c0 propos","description":"\u00c0 propos - Ces maladies rares sont souvent ignor\u00e9es et les patients ont peu acc\u00e8s \u00e0 des traitements efficaces. Une fois commercialis\u00e9es (...)","robots":{"index":"index","follow":"follow","max-snippet":"max-snippet:-1","max-image-preview":"max-image-preview:large","max-video-preview":"max-video-preview:-1"},"canonical":"https:\/\/smash.versionalpha.ca\/fr\/a-propos\/","og_locale":"fr_FR","og_type":"article","og_title":"\u00c0 propos","og_description":"\u00c0 propos - Ces maladies rares sont souvent ignor\u00e9es et les patients ont peu acc\u00e8s \u00e0 des traitements efficaces. Une fois commercialis\u00e9es (...)","og_url":"https:\/\/smash.versionalpha.ca\/fr\/a-propos\/","og_site_name":"SMASH","article_modified_time":"2024-05-16T14:42:51+00:00","twitter_card":"summary_large_image","twitter_misc":{"Dur\u00e9e de lecture estim\u00e9e":"1 minute"},"schema":{"@context":"https:\/\/schema.org","@graph":[{"@type":"WebPage","@id":"https:\/\/smash.versionalpha.ca\/fr\/a-propos\/","url":"https:\/\/smash.versionalpha.ca\/fr\/a-propos\/","name":"\u00c0 propos","isPartOf":{"@id":"https:\/\/smash.versionalpha.ca\/fr\/#website"},"datePublished":"2024-05-14T17:16:05+00:00","dateModified":"2024-05-16T14:42:51+00:00","description":"\u00c0 propos - Ces maladies rares sont souvent ignor\u00e9es et les patients ont peu acc\u00e8s \u00e0 des traitements efficaces. Une fois commercialis\u00e9es (...)","breadcrumb":{"@id":"https:\/\/smash.versionalpha.ca\/fr\/a-propos\/#breadcrumb"},"inLanguage":"fr-FR","potentialAction":[{"@type":"ReadAction","target":["https:\/\/smash.versionalpha.ca\/fr\/a-propos\/"]}]},{"@type":"BreadcrumbList","@id":"https:\/\/smash.versionalpha.ca\/fr\/a-propos\/#breadcrumb","itemListElement":[{"@type":"ListItem","position":1,"name":"Accueil","item":"https:\/\/smash.versionalpha.ca\/fr\/"},{"@type":"ListItem","position":2,"name":"\u00c0 propos"}]},{"@type":"WebSite","@id":"https:\/\/smash.versionalpha.ca\/fr\/#website","url":"https:\/\/smash.versionalpha.ca\/fr\/","name":"SMASH","description":"","potentialAction":[{"@type":"SearchAction","target":{"@type":"EntryPoint","urlTemplate":"https:\/\/smash.versionalpha.ca\/fr\/?s={search_term_string}"},"query-input":"required name=search_term_string"}],"inLanguage":"fr-FR"}]}},"_links":{"self":[{"href":"https:\/\/smash.versionalpha.ca\/fr\/wp-json\/wp\/v2\/pages\/244","targetHints":{"allow":["GET"]}}],"collection":[{"href":"https:\/\/smash.versionalpha.ca\/fr\/wp-json\/wp\/v2\/pages"}],"about":[{"href":"https:\/\/smash.versionalpha.ca\/fr\/wp-json\/wp\/v2\/types\/page"}],"author":[{"embeddable":true,"href":"https:\/\/smash.versionalpha.ca\/fr\/wp-json\/wp\/v2\/users\/1"}],"replies":[{"embeddable":true,"href":"https:\/\/smash.versionalpha.ca\/fr\/wp-json\/wp\/v2\/comments?post=244"}],"version-history":[{"count":10,"href":"https:\/\/smash.versionalpha.ca\/fr\/wp-json\/wp\/v2\/pages\/244\/revisions"}],"predecessor-version":[{"id":356,"href":"https:\/\/smash.versionalpha.ca\/fr\/wp-json\/wp\/v2\/pages\/244\/revisions\/356"}],"wp:attachment":[{"href":"https:\/\/smash.versionalpha.ca\/fr\/wp-json\/wp\/v2\/media?parent=244"}],"curies":[{"name":"wp","href":"https:\/\/api.w.org\/{rel}","templated":true}]}}