{"id":256,"date":"2024-05-14T10:08:37","date_gmt":"2024-05-14T14:08:37","guid":{"rendered":"https:\/\/smash.versionalpha.ca\/?page_id=256"},"modified":"2024-05-16T11:22:43","modified_gmt":"2024-05-16T15:22:43","slug":"declaration-smash","status":"publish","type":"page","link":"https:\/\/smash.versionalpha.ca\/fr\/declaration-smash\/","title":{"rendered":"D\u00e9claration"},"content":{"rendered":"<h1><strong>Faites-Vous Entendre<\/strong><br \/>\nSignez la D\u00e9claration<\/h1>\n<p><span style=\"font-weight: 400;\">Votre voix compte ! La D\u00e9claration SMASH est<br \/>\nplus qu&rsquo;un document &#8211; c&rsquo;est un symbole d&rsquo;unit\u00e9 et<br \/>\nde progr\u00e8s. Participez \u00e0 un mouvement de transformation<br \/>\nqui vise \u00e0 remodeler le paysage des soins de sant\u00e9 pour<br \/>\nles maladies lipidiques rares ou s\u00e9v\u00e8res.\u00a0\u00a0<\/span><\/p>\n<p><span style=\"font-weight: 400;\">Votre signature n&rsquo;est pas seulement un signe de<br \/>\nsoutien, c&rsquo;est un pas actif vers un changement tangible.<\/span><\/p>\n","protected":false},"excerpt":{"rendered":"<p>Faites-Vous Entendre Signez la D\u00e9claration Votre voix compte ! La D\u00e9claration SMASH est plus qu&rsquo;un document &#8211; c&rsquo;est un symbole d&rsquo;unit\u00e9 et de progr\u00e8s. Participez \u00e0 un mouvement de transformation qui vise \u00e0 remodeler le paysage des soins de sant\u00e9 pour les maladies lipidiques rares ou s\u00e9v\u00e8res.\u00a0\u00a0 Votre signature n&rsquo;est pas seulement un signe de [&hellip;]<\/p>\n","protected":false},"author":1,"featured_media":0,"parent":0,"menu_order":0,"comment_status":"closed","ping_status":"closed","template":"template\/declaration.php","meta":{"_acf_changed":false,"footnotes":""},"class_list":["post-256","page","type-page","status-publish","hentry"],"acf":[],"yoast_head":"<!-- This site is optimized with the Yoast SEO plugin v22.7 - https:\/\/yoast.com\/wordpress\/plugins\/seo\/ -->\n<title>D\u00e9claration SMASH<\/title>\n<meta name=\"description\" content=\"D\u00e9claration SMASH - Faites-Vous Entendre. Signez la D\u00e9claration. Votre voix compte ! La D\u00e9claration SMASH est plus qu&#039;un document c&#039;est (...)\" \/>\n<meta name=\"robots\" content=\"index, follow, max-snippet:-1, max-image-preview:large, max-video-preview:-1\" \/>\n<link rel=\"canonical\" href=\"https:\/\/smash.versionalpha.ca\/fr\/declaration-smash\/\" \/>\n<meta property=\"og:locale\" content=\"fr_FR\" \/>\n<meta property=\"og:type\" content=\"article\" \/>\n<meta property=\"og:title\" content=\"D\u00e9claration SMASH\" \/>\n<meta property=\"og:description\" content=\"D\u00e9claration SMASH - Faites-Vous Entendre. Signez la D\u00e9claration. Votre voix compte ! La D\u00e9claration SMASH est plus qu&#039;un document c&#039;est (...)\" \/>\n<meta property=\"og:url\" content=\"https:\/\/smash.versionalpha.ca\/fr\/declaration-smash\/\" \/>\n<meta property=\"og:site_name\" content=\"SMASH\" \/>\n<meta property=\"article:modified_time\" content=\"2024-05-16T15:22:43+00:00\" \/>\n<meta name=\"twitter:card\" content=\"summary_large_image\" \/>\n<meta name=\"twitter:label1\" content=\"Dur\u00e9e de lecture estim\u00e9e\" \/>\n\t<meta name=\"twitter:data1\" content=\"1 minute\" \/>\n<script type=\"application\/ld+json\" class=\"yoast-schema-graph\">{\"@context\":\"https:\/\/schema.org\",\"@graph\":[{\"@type\":\"WebPage\",\"@id\":\"https:\/\/smash.versionalpha.ca\/fr\/declaration-smash\/\",\"url\":\"https:\/\/smash.versionalpha.ca\/fr\/declaration-smash\/\",\"name\":\"D\u00e9claration SMASH\",\"isPartOf\":{\"@id\":\"https:\/\/smash.versionalpha.ca\/fr\/#website\"},\"datePublished\":\"2024-05-14T14:08:37+00:00\",\"dateModified\":\"2024-05-16T15:22:43+00:00\",\"description\":\"D\u00e9claration SMASH - Faites-Vous Entendre. Signez la D\u00e9claration. Votre voix compte ! La D\u00e9claration SMASH est plus qu'un document c'est (...)\",\"breadcrumb\":{\"@id\":\"https:\/\/smash.versionalpha.ca\/fr\/declaration-smash\/#breadcrumb\"},\"inLanguage\":\"fr-FR\",\"potentialAction\":[{\"@type\":\"ReadAction\",\"target\":[\"https:\/\/smash.versionalpha.ca\/fr\/declaration-smash\/\"]}]},{\"@type\":\"BreadcrumbList\",\"@id\":\"https:\/\/smash.versionalpha.ca\/fr\/declaration-smash\/#breadcrumb\",\"itemListElement\":[{\"@type\":\"ListItem\",\"position\":1,\"name\":\"Accueil\",\"item\":\"https:\/\/smash.versionalpha.ca\/fr\/\"},{\"@type\":\"ListItem\",\"position\":2,\"name\":\"D\u00e9claration\"}]},{\"@type\":\"WebSite\",\"@id\":\"https:\/\/smash.versionalpha.ca\/fr\/#website\",\"url\":\"https:\/\/smash.versionalpha.ca\/fr\/\",\"name\":\"SMASH\",\"description\":\"\",\"potentialAction\":[{\"@type\":\"SearchAction\",\"target\":{\"@type\":\"EntryPoint\",\"urlTemplate\":\"https:\/\/smash.versionalpha.ca\/fr\/?s={search_term_string}\"},\"query-input\":\"required name=search_term_string\"}],\"inLanguage\":\"fr-FR\"}]}<\/script>\n<!-- \/ Yoast SEO plugin. -->","yoast_head_json":{"title":"D\u00e9claration SMASH","description":"D\u00e9claration SMASH - Faites-Vous Entendre. Signez la D\u00e9claration. Votre voix compte ! La D\u00e9claration SMASH est plus qu'un document c'est (...)","robots":{"index":"index","follow":"follow","max-snippet":"max-snippet:-1","max-image-preview":"max-image-preview:large","max-video-preview":"max-video-preview:-1"},"canonical":"https:\/\/smash.versionalpha.ca\/fr\/declaration-smash\/","og_locale":"fr_FR","og_type":"article","og_title":"D\u00e9claration SMASH","og_description":"D\u00e9claration SMASH - Faites-Vous Entendre. Signez la D\u00e9claration. Votre voix compte ! La D\u00e9claration SMASH est plus qu'un document c'est (...)","og_url":"https:\/\/smash.versionalpha.ca\/fr\/declaration-smash\/","og_site_name":"SMASH","article_modified_time":"2024-05-16T15:22:43+00:00","twitter_card":"summary_large_image","twitter_misc":{"Dur\u00e9e de lecture estim\u00e9e":"1 minute"},"schema":{"@context":"https:\/\/schema.org","@graph":[{"@type":"WebPage","@id":"https:\/\/smash.versionalpha.ca\/fr\/declaration-smash\/","url":"https:\/\/smash.versionalpha.ca\/fr\/declaration-smash\/","name":"D\u00e9claration SMASH","isPartOf":{"@id":"https:\/\/smash.versionalpha.ca\/fr\/#website"},"datePublished":"2024-05-14T14:08:37+00:00","dateModified":"2024-05-16T15:22:43+00:00","description":"D\u00e9claration SMASH - Faites-Vous Entendre. Signez la D\u00e9claration. Votre voix compte ! La D\u00e9claration SMASH est plus qu'un document c'est (...)","breadcrumb":{"@id":"https:\/\/smash.versionalpha.ca\/fr\/declaration-smash\/#breadcrumb"},"inLanguage":"fr-FR","potentialAction":[{"@type":"ReadAction","target":["https:\/\/smash.versionalpha.ca\/fr\/declaration-smash\/"]}]},{"@type":"BreadcrumbList","@id":"https:\/\/smash.versionalpha.ca\/fr\/declaration-smash\/#breadcrumb","itemListElement":[{"@type":"ListItem","position":1,"name":"Accueil","item":"https:\/\/smash.versionalpha.ca\/fr\/"},{"@type":"ListItem","position":2,"name":"D\u00e9claration"}]},{"@type":"WebSite","@id":"https:\/\/smash.versionalpha.ca\/fr\/#website","url":"https:\/\/smash.versionalpha.ca\/fr\/","name":"SMASH","description":"","potentialAction":[{"@type":"SearchAction","target":{"@type":"EntryPoint","urlTemplate":"https:\/\/smash.versionalpha.ca\/fr\/?s={search_term_string}"},"query-input":"required name=search_term_string"}],"inLanguage":"fr-FR"}]}},"_links":{"self":[{"href":"https:\/\/smash.versionalpha.ca\/fr\/wp-json\/wp\/v2\/pages\/256","targetHints":{"allow":["GET"]}}],"collection":[{"href":"https:\/\/smash.versionalpha.ca\/fr\/wp-json\/wp\/v2\/pages"}],"about":[{"href":"https:\/\/smash.versionalpha.ca\/fr\/wp-json\/wp\/v2\/types\/page"}],"author":[{"embeddable":true,"href":"https:\/\/smash.versionalpha.ca\/fr\/wp-json\/wp\/v2\/users\/1"}],"replies":[{"embeddable":true,"href":"https:\/\/smash.versionalpha.ca\/fr\/wp-json\/wp\/v2\/comments?post=256"}],"version-history":[{"count":19,"href":"https:\/\/smash.versionalpha.ca\/fr\/wp-json\/wp\/v2\/pages\/256\/revisions"}],"predecessor-version":[{"id":358,"href":"https:\/\/smash.versionalpha.ca\/fr\/wp-json\/wp\/v2\/pages\/256\/revisions\/358"}],"wp:attachment":[{"href":"https:\/\/smash.versionalpha.ca\/fr\/wp-json\/wp\/v2\/media?parent=256"}],"curies":[{"name":"wp","href":"https:\/\/api.w.org\/{rel}","templated":true}]}}