{"id":268,"date":"2024-05-14T14:59:06","date_gmt":"2024-05-14T18:59:06","guid":{"rendered":"https:\/\/smash.versionalpha.ca\/?page_id=268"},"modified":"2024-05-17T10:17:52","modified_gmt":"2024-05-17T14:17:52","slug":"les-fondateurs","status":"publish","type":"page","link":"https:\/\/smash.versionalpha.ca\/fr\/les-fondateurs\/","title":{"rendered":"Les fondateurs"},"content":{"rendered":"<h1><strong>Rencontrez les cerveau<\/strong><br \/>\n\u00e0 l\u2019origine de SMASH<\/h1>\n<p><span style=\"font-weight: 400;\">Compos\u00e9s de chercheurs de haut niveau, d&rsquo;experts cliniques, de professionnels de la sant\u00e9 et de leaders visionnaires, nos fondateurs sont unis par un objectif commun : r\u00e9volutionner les soins prodigu\u00e9s aux personnes atteintes de troubles lipidiques rares ou s\u00e9v\u00e8res. Riche d&rsquo;exp\u00e9riences, chaque membre apporte une vision unique et un engagement in\u00e9branlable \u00e0 notre mission.<\/span><\/p>\n","protected":false},"excerpt":{"rendered":"<p>Rencontrez les cerveau \u00e0 l\u2019origine de SMASH Compos\u00e9s de chercheurs de haut niveau, d&rsquo;experts cliniques, de professionnels de la sant\u00e9 et de leaders visionnaires, nos fondateurs sont unis par un objectif commun : r\u00e9volutionner les soins prodigu\u00e9s aux personnes atteintes de troubles lipidiques rares ou s\u00e9v\u00e8res. Riche d&rsquo;exp\u00e9riences, chaque membre apporte une vision unique et [&hellip;]<\/p>\n","protected":false},"author":1,"featured_media":0,"parent":0,"menu_order":0,"comment_status":"closed","ping_status":"closed","template":"template\/founders.php","meta":{"_acf_changed":false,"footnotes":""},"class_list":["post-268","page","type-page","status-publish","hentry"],"acf":[],"yoast_head":"<!-- This site is optimized with the Yoast SEO plugin v22.7 - https:\/\/yoast.com\/wordpress\/plugins\/seo\/ -->\n<title>Les fondateurs<\/title>\n<meta name=\"description\" content=\"Les fondateurs - Rencontrez les cerveau \u00e0 l\u2019origine de SMASH. Compos\u00e9s de chercheurs de haut niveau, d&#039;experts cliniques, de (...)\" \/>\n<meta name=\"robots\" content=\"index, follow, max-snippet:-1, max-image-preview:large, max-video-preview:-1\" \/>\n<link rel=\"canonical\" href=\"https:\/\/smash.versionalpha.ca\/fr\/les-fondateurs\/\" \/>\n<meta property=\"og:locale\" content=\"fr_FR\" \/>\n<meta property=\"og:type\" content=\"article\" \/>\n<meta property=\"og:title\" content=\"Les fondateurs\" \/>\n<meta property=\"og:description\" content=\"Les fondateurs - Rencontrez les cerveau \u00e0 l\u2019origine de SMASH. Compos\u00e9s de chercheurs de haut niveau, d&#039;experts cliniques, de (...)\" \/>\n<meta property=\"og:url\" content=\"https:\/\/smash.versionalpha.ca\/fr\/les-fondateurs\/\" \/>\n<meta property=\"og:site_name\" content=\"SMASH\" \/>\n<meta property=\"article:modified_time\" content=\"2024-05-17T14:17:52+00:00\" \/>\n<meta name=\"twitter:card\" content=\"summary_large_image\" \/>\n<meta name=\"twitter:label1\" content=\"Dur\u00e9e de lecture estim\u00e9e\" \/>\n\t<meta name=\"twitter:data1\" content=\"1 minute\" \/>\n<script type=\"application\/ld+json\" class=\"yoast-schema-graph\">{\"@context\":\"https:\/\/schema.org\",\"@graph\":[{\"@type\":\"WebPage\",\"@id\":\"https:\/\/smash.versionalpha.ca\/fr\/les-fondateurs\/\",\"url\":\"https:\/\/smash.versionalpha.ca\/fr\/les-fondateurs\/\",\"name\":\"Les fondateurs\",\"isPartOf\":{\"@id\":\"https:\/\/smash.versionalpha.ca\/fr\/#website\"},\"datePublished\":\"2024-05-14T18:59:06+00:00\",\"dateModified\":\"2024-05-17T14:17:52+00:00\",\"description\":\"Les fondateurs - Rencontrez les cerveau \u00e0 l\u2019origine de SMASH. Compos\u00e9s de chercheurs de haut niveau, d'experts cliniques, de (...)\",\"breadcrumb\":{\"@id\":\"https:\/\/smash.versionalpha.ca\/fr\/les-fondateurs\/#breadcrumb\"},\"inLanguage\":\"fr-FR\",\"potentialAction\":[{\"@type\":\"ReadAction\",\"target\":[\"https:\/\/smash.versionalpha.ca\/fr\/les-fondateurs\/\"]}]},{\"@type\":\"BreadcrumbList\",\"@id\":\"https:\/\/smash.versionalpha.ca\/fr\/les-fondateurs\/#breadcrumb\",\"itemListElement\":[{\"@type\":\"ListItem\",\"position\":1,\"name\":\"Accueil\",\"item\":\"https:\/\/smash.versionalpha.ca\/fr\/\"},{\"@type\":\"ListItem\",\"position\":2,\"name\":\"Les fondateurs\"}]},{\"@type\":\"WebSite\",\"@id\":\"https:\/\/smash.versionalpha.ca\/fr\/#website\",\"url\":\"https:\/\/smash.versionalpha.ca\/fr\/\",\"name\":\"SMASH\",\"description\":\"\",\"potentialAction\":[{\"@type\":\"SearchAction\",\"target\":{\"@type\":\"EntryPoint\",\"urlTemplate\":\"https:\/\/smash.versionalpha.ca\/fr\/?s={search_term_string}\"},\"query-input\":\"required name=search_term_string\"}],\"inLanguage\":\"fr-FR\"}]}<\/script>\n<!-- \/ Yoast SEO plugin. -->","yoast_head_json":{"title":"Les fondateurs","description":"Les fondateurs - Rencontrez les cerveau \u00e0 l\u2019origine de SMASH. Compos\u00e9s de chercheurs de haut niveau, d'experts cliniques, de (...)","robots":{"index":"index","follow":"follow","max-snippet":"max-snippet:-1","max-image-preview":"max-image-preview:large","max-video-preview":"max-video-preview:-1"},"canonical":"https:\/\/smash.versionalpha.ca\/fr\/les-fondateurs\/","og_locale":"fr_FR","og_type":"article","og_title":"Les fondateurs","og_description":"Les fondateurs - Rencontrez les cerveau \u00e0 l\u2019origine de SMASH. Compos\u00e9s de chercheurs de haut niveau, d'experts cliniques, de (...)","og_url":"https:\/\/smash.versionalpha.ca\/fr\/les-fondateurs\/","og_site_name":"SMASH","article_modified_time":"2024-05-17T14:17:52+00:00","twitter_card":"summary_large_image","twitter_misc":{"Dur\u00e9e de lecture estim\u00e9e":"1 minute"},"schema":{"@context":"https:\/\/schema.org","@graph":[{"@type":"WebPage","@id":"https:\/\/smash.versionalpha.ca\/fr\/les-fondateurs\/","url":"https:\/\/smash.versionalpha.ca\/fr\/les-fondateurs\/","name":"Les fondateurs","isPartOf":{"@id":"https:\/\/smash.versionalpha.ca\/fr\/#website"},"datePublished":"2024-05-14T18:59:06+00:00","dateModified":"2024-05-17T14:17:52+00:00","description":"Les fondateurs - Rencontrez les cerveau \u00e0 l\u2019origine de SMASH. Compos\u00e9s de chercheurs de haut niveau, d'experts cliniques, de (...)","breadcrumb":{"@id":"https:\/\/smash.versionalpha.ca\/fr\/les-fondateurs\/#breadcrumb"},"inLanguage":"fr-FR","potentialAction":[{"@type":"ReadAction","target":["https:\/\/smash.versionalpha.ca\/fr\/les-fondateurs\/"]}]},{"@type":"BreadcrumbList","@id":"https:\/\/smash.versionalpha.ca\/fr\/les-fondateurs\/#breadcrumb","itemListElement":[{"@type":"ListItem","position":1,"name":"Accueil","item":"https:\/\/smash.versionalpha.ca\/fr\/"},{"@type":"ListItem","position":2,"name":"Les fondateurs"}]},{"@type":"WebSite","@id":"https:\/\/smash.versionalpha.ca\/fr\/#website","url":"https:\/\/smash.versionalpha.ca\/fr\/","name":"SMASH","description":"","potentialAction":[{"@type":"SearchAction","target":{"@type":"EntryPoint","urlTemplate":"https:\/\/smash.versionalpha.ca\/fr\/?s={search_term_string}"},"query-input":"required name=search_term_string"}],"inLanguage":"fr-FR"}]}},"_links":{"self":[{"href":"https:\/\/smash.versionalpha.ca\/fr\/wp-json\/wp\/v2\/pages\/268","targetHints":{"allow":["GET"]}}],"collection":[{"href":"https:\/\/smash.versionalpha.ca\/fr\/wp-json\/wp\/v2\/pages"}],"about":[{"href":"https:\/\/smash.versionalpha.ca\/fr\/wp-json\/wp\/v2\/types\/page"}],"author":[{"embeddable":true,"href":"https:\/\/smash.versionalpha.ca\/fr\/wp-json\/wp\/v2\/users\/1"}],"replies":[{"embeddable":true,"href":"https:\/\/smash.versionalpha.ca\/fr\/wp-json\/wp\/v2\/comments?post=268"}],"version-history":[{"count":12,"href":"https:\/\/smash.versionalpha.ca\/fr\/wp-json\/wp\/v2\/pages\/268\/revisions"}],"predecessor-version":[{"id":420,"href":"https:\/\/smash.versionalpha.ca\/fr\/wp-json\/wp\/v2\/pages\/268\/revisions\/420"}],"wp:attachment":[{"href":"https:\/\/smash.versionalpha.ca\/fr\/wp-json\/wp\/v2\/media?parent=268"}],"curies":[{"name":"wp","href":"https:\/\/api.w.org\/{rel}","templated":true}]}}